{"id":811,"date":"2022-04-20T15:31:08","date_gmt":"2022-04-20T15:31:08","guid":{"rendered":"https:\/\/niche-creator.com\/es\/?page_id=811"},"modified":"2026-02-16T18:19:31","modified_gmt":"2026-02-16T18:19:31","slug":"actualizaciones","status":"publish","type":"page","link":"https:\/\/niche-creator.com\/es\/actualizaciones\/","title":{"rendered":"Actualizaciones"},"content":{"rendered":"<div class=\"pl-contact-from\">\n<div class=\"actu-asap\">\n<strong>Niche Creator 2.0.4 (16\/02\/2026)<\/strong><\/p>\n<ul>\n<li>Correcci\u00f3n de errores<\/li>\n<li>Adataci\u00f3n de Value SERRP<\/li>\n<li>Integraci\u00f3n DeepSeek<\/li>\n<\/ul>\n<p><strong>Niche Creator 2.0.3 (21\/01\/2026)<\/strong><\/p>\n<ul>\n<li>Nuevas mejoras y estabilidad<\/li>\n<\/ul>\n<p><strong>Niche Creator 2.0.2 (05\/01\/2026)<\/strong><\/p>\n<ul>\n<li>Mejoras varias<\/li>\n<\/ul>\n<p><strong>Niche Creator 2.0.1 (16\/12\/2025)<\/strong><\/p>\n<ul>\n<li>Mejoras varias<\/li>\n<\/ul>\n<p><strong>Niche Creator 2.0.0 (20\/11\/2025)<\/strong><\/p>\n<ul>\n<li>20 plantillas nuevas con dise\u00f1o moderno<\/li>\n<li>Nueva opci\u00f3n para limitar n\u00famero de negocios a traer por categor\u00eda<\/li>\n<li>Mejoras varias de proceso<\/li>\n<\/ul>\n<h2>Niche Creator <strong>1.2.3<\/strong>\u00a0<em>20\/11\/2025<\/em><\/h2>\n<ul>\n<li>Correcci\u00f3n general de errores.<\/li>\n<\/ul>\n<h2>Niche Creator <strong>1.2.2<\/strong>\u00a0<em>20\/10\/2025<\/em><\/h2>\n<ul>\n<li>Arreglos en la obtenci\u00f3n de datos para Limpieza.<\/li>\n<li>Correcci\u00f3n general de errores.<\/li>\n<\/ul>\n<h2>Niche Creator <strong>1.2.1<\/strong> <em>16\/09\/2025<\/em><\/h2>\n<ul>\n<li>La validaci\u00f3n de datos de poblaci\u00f3n, provincia y c\u00f3digo postal ahora se realiza directamente mediante latitud y longitud, garantizando mayor precisi\u00f3n y fiabilidad.<\/li>\n<li>Se han resuelto los errores que anteriormente pod\u00edan generar inconsistencias en los proyectos.<\/li>\n<li>Se reincorpora el modo c\u00f3digo, permitiendo insertar textos en formato HTML de manera opcional.<\/li>\n<li>Se incorpora control total sobre el <em>slug<\/em> y las migas de pan, ofreciendo mayor personalizaci\u00f3n en la experiencia de navegaci\u00f3n de los usuarios.<\/li>\n<\/ul>\n<h2>Niche Creator <strong>1.2.0<\/strong> <em>13\/08\/2025<\/em><\/h2>\n<ul>\n<li><strong>Integraci\u00f3n con GPT-5 mini:<\/strong> Nuevo modelo m\u00e1s r\u00e1pido y preciso para generaci\u00f3n de contenido y an\u00e1lisis.<\/li>\n<li><strong>Integraci\u00f3n con Outscraper:<\/strong> Datos m\u00e1s completos y precisos que con ValueSERP: menos resultados irrelevantes, m\u00e1s negocios reales de la zona y fotos destacadas en alta calidad.<\/li>\n<li><strong>Correcci\u00f3n general de errores:<\/strong> Optimizaci\u00f3n de c\u00f3digo y soluci\u00f3n de fallos reportados.<\/li>\n<li><strong>Editor HTML en el editor de WordPress:<\/strong> Ahora puedes trabajar directamente con HTML desde el editor para mayor control del contenido.<\/li>\n<li><strong>Borrado masivo de posts programados:<\/strong> Opci\u00f3n para eliminar publicaciones pendientes de forma r\u00e1pida desde la herramienta masiva.<\/li>\n<li><strong>Capitalizaci\u00f3n de letras acentuadas en clusters:<\/strong> Mejora est\u00e9tica y de coherencia en t\u00edtulos y encabezados.<\/li>\n<\/ul>\n<h2>Niche Creator <strong>1.1.3<\/strong> <em>31\/07\/2025<\/em><\/h2>\n<ul>\n<li>Correcci\u00f3n de error que provocaba que no se asociasen im\u00e1genes destacadas en fichas.<\/li>\n<\/ul>\n<h2>Niche Creator <strong>1.1.2<\/strong> <em>25\/07\/2025<\/em><\/h2>\n<ul>\n<li>Corregido problema que provocaba error 500 en determinadas circunstancias al actualizar el\u00a0 plugin.<\/li>\n<\/ul>\n<h2>Niche Creator <strong>1.1.1<\/strong> <em>25\/07\/2025<\/em><\/h2>\n<ul>\n<li>Corregido problema que en determinadas circunstancias daba error al crear una ficha de prueba.<\/li>\n<\/ul>\n<h2>Niche Creator <strong>1.1.0<\/strong> <em>25\/07\/2025<\/em><\/h2>\n<ul>\n<li>Soporte para <strong>multiescrapeo<\/strong>: ahora puedes lanzar varios escrapeos cuando quieras, uno tras otro, sin l\u00edmites.<\/li>\n<li>Posibilidad de crear una <strong>p\u00e1gina de categor\u00eda de prueba<\/strong> y una <strong>ficha de prueba<\/strong> para ver c\u00f3mo quedar\u00e1 la plantilla antes de hacer un escrapeo real.<\/li>\n<li>Correcci\u00f3n de errores relacionados con la <strong>cach\u00e9 de objetos<\/strong>, que provocaban fichas vac\u00edas o datos no guardados en el formulario.<\/li>\n<li>Soluci\u00f3n a problemas causados por codificaci\u00f3n incorrecta: ahora las tablas usan <code>utf8mb4<\/code> para evitar errores con emojis u otros caracteres especiales.<\/li>\n<\/ul>\n<h2>Niche Creator <strong>1.0.5<\/strong> <em>05\/07\/2025<\/em><\/h2>\n<ul>\n<li>Correcci\u00f3n de errores en la creaci\u00f3n autom\u00e1tica de im\u00e1genes<\/li>\n<li>Verificaci\u00f3n de plantillas duplicadas durante la activaci\u00f3n<\/li>\n<li>Aplicaci\u00f3n de noindex a plantillas de fichas y categor\u00edas<\/li>\n<li>Ampliaci\u00f3n del espacio disponible para opciones en Datos, Categor\u00edas y Fichas<\/li>\n<li>Importaci\u00f3n autom\u00e1tica de im\u00e1genes al realizar subidas manuales<\/li>\n<li>Memoria de la \u00faltima selecci\u00f3n en Datos, Categor\u00edas y Fichas<\/li>\n<li>Creaci\u00f3n m\u00faltiple de etiquetas en fichas (separadas por comas)<\/li>\n<li>Filtro en llamadas a OpenAI para evitar caracteres no deseados<\/li>\n<li>Implementaci\u00f3n de cach\u00e9 persistente en categor\u00edas y fichas, mejorando la velocidad y reduciendo errores en servidores compartidos<\/li>\n<li>Funcionalidad para regenerar fichas existentes<\/li>\n<li>Eliminaci\u00f3n m\u00faltiple de filas en el editor<\/li>\n<\/ul>\n<h2>Niche Creator <strong>1.0.4<\/strong> <em>24\/06\/2025<\/em><\/h2>\n<ul>\n<li>Mejora en la eficiencia del borrado de categor\u00edas y p\u00e1ginas.<\/li>\n<li>Agregadas opciones de sustituci\u00f3n parcial, sustituci\u00f3n solo en blanco y sustituci\u00f3n inversa.<\/li>\n<li>Mejoras generales en los procesos de im\u00e1genes de fondo.<\/li>\n<li>Implementaci\u00f3n de cach\u00e9 en la regeneraci\u00f3n de categor\u00edas: mayor estabilidad y velocidad.<\/li>\n<li>Creaci\u00f3n del shortcode [nc_cluster_abc_parents] para mostrar todas las categor\u00edas padre en orden alfab\u00e9tico dentro de un cl\u00faster.<\/li>\n<li>Mejoras en el dise\u00f1o de las pantallas de Regeneraci\u00f3n de Categor\u00edas y Creaci\u00f3n de Fichas para dar m\u00e1s espacio al contenido.<\/li>\n<li>Guardado del par\u00e1metro parrafo1 en las categor\u00edas.<\/li>\n<\/ul>\n<h2>Niche Creator <strong>1.0.3<\/strong> <em>14\/06\/2025<\/em><\/h2>\n<ul>\n<li>Nueva opci\u00f3n de sustituci\u00f3n masiva de campos, en la limpieza de datos.<\/li>\n<li>Creaci\u00f3n y regeneraci\u00f3n de categor\u00edas sin errores.<\/li>\n<li>Uso correcto de plantillas con etiquetas <em>script<\/em>.<\/li>\n<li>Se puede usar la keyword como campo para asignar a la categor\u00eda.<\/li>\n<li>El bot\u00f3n \u201cVer m\u00e1s\u201d ha sido reemplazado por el shortcode <em>[nc_get_tag]<\/em>. Al regenerar categor\u00edas puede que no haya fichas, y no tiene sentido mostrar un bot\u00f3n vac\u00edo. Tambi\u00e9n puede cambiar la cantidad de fichas mostradas, as\u00ed que ahora el shortcode comprueba en tiempo real si hay fichas suficientes para mostrar el bot\u00f3n o no.<\/li>\n<\/ul>\n<h2>Niche Creator <strong>1.0.2<\/strong> <em>10\/06\/2025<\/em><\/h2>\n<ul>\n<li>Mejora en la gesti\u00f3n de im\u00e1genes.<\/li>\n<li>Correcci\u00f3n de scraping en ValueSERP con Taiwan y China.<\/li>\n<li>Correcci\u00f3n de scraping con cantidades grandes de keywords.<\/li>\n<\/ul>\n<h2>Niche Creator <strong>1.0.1<\/strong> <em>02\/06\/2025<\/em><\/h2>\n<ul>\n<li>Nuevo shortcode <strong>[nc_cluster_abc]<\/strong>: muestra los municipios de una categor\u00eda padre. Ideal para nichos por pa\u00eds. <a href=\"https:\/\/niche-creator.com\/es\/shortcodes\/\" target=\"_blank\" rel=\"noopener\">Ver documentaci\u00f3n.<\/a><\/li>\n<li>Nuevo shortcode <strong>[nc_cluster_abc_all]<\/strong>: muestra todos los municipios. Ideal para nichos por provincia (permite hacer clusters en la home). <a href=\"https:\/\/niche-creator.com\/es\/shortcodes\/\" target=\"_blank\" rel=\"noopener\">Ver documentaci\u00f3n.<\/a><\/li>\n<li>Mejora en la extracci\u00f3n con Google API Places. Ahora se traen correctamente las fichas de los negocios sin perder ninguna.<\/li>\n<li>Correcci\u00f3n de llamadas AJAX que daban problemas en algunos servidores.<\/li>\n<li>Mejora del proceso manual de carga de datos geogr\u00e1ficos en caso de fallo del proceso autom\u00e1tico.<\/li>\n<li>Unificaci\u00f3n de par\u00e1metros: ahora se usan siempre 5 keywords y 5 p\u00e1ginas por proceso.<\/li>\n<li>Corregido un error que provocaba que las im\u00e1genes de las fichas, en algunos casos, se mostraran directamente desde la URL de Google. Ahora se suben siempre al servidor del sitio donde se usa el plugin.<\/li>\n<li>Bloqueo de generaci\u00f3n de fichas si el nicho es de tipo Pa\u00eds o Provincia y no hay categor\u00edas creadas.<\/li>\n<li>Corregido error que provocaba errores al generar las im\u00e1genes en caso de no tener la liber\u00eda GD o Imagick de PHP activa.<\/li>\n<li>Mejoras generales a nivel de c\u00f3digo.<\/li>\n<\/ul>\n<h2>Niche Creator <strong>1.0.0<\/strong> <em>02\/06\/2025<\/em><\/h2>\n<ul>\n<li>Versi\u00f3n inicial.<\/li>\n<\/ul>\n<\/div>\n<\/div>\n","protected":false},"excerpt":{"rendered":"<p>Niche Creator 2.0.4 (16\/02\/2026) Correcci\u00f3n de errores Adataci\u00f3n de Value SERRP Integraci\u00f3n&hellip;<\/p>\n","protected":false},"author":1,"featured_media":0,"parent":0,"menu_order":0,"comment_status":"closed","ping_status":"closed","template":"","meta":{"footnotes":""},"class_list":["post-811","page","type-page","status-publish","hentry"],"yoast_head":"<!-- This site is optimized with the Yoast SEO plugin v27.4 - https:\/\/yoast.com\/product\/yoast-seo-wordpress\/ -->\n<title>Actualizaciones &#8212; Niche Creator<\/title>\n<meta name=\"robots\" content=\"index, follow, max-snippet:-1, max-image-preview:large, max-video-preview:-1\" \/>\n<link rel=\"canonical\" href=\"https:\/\/niche-creator.com\/es\/actualizaciones\/\" \/>\n<meta property=\"og:locale\" content=\"es_ES\" \/>\n<meta property=\"og:type\" content=\"article\" \/>\n<meta property=\"og:title\" content=\"Actualizaciones &#8212; Niche Creator\" \/>\n<meta property=\"og:description\" content=\"Niche Creator 2.0.4 (16\/02\/2026) Correcci\u00f3n de errores Adataci\u00f3n de Value SERRP Integraci\u00f3n&hellip;\" \/>\n<meta property=\"og:url\" content=\"https:\/\/niche-creator.com\/es\/actualizaciones\/\" \/>\n<meta property=\"og:site_name\" content=\"Niche Creator\" \/>\n<meta property=\"article:modified_time\" content=\"2026-02-16T18:19:31+00:00\" \/>\n<meta name=\"twitter:card\" content=\"summary_large_image\" \/>\n<meta name=\"twitter:label1\" content=\"Tiempo de lectura\" \/>\n\t<meta name=\"twitter:data1\" content=\"5 minutos\" \/>\n<script type=\"application\/ld+json\" class=\"yoast-schema-graph\">{\"@context\":\"https:\\\/\\\/schema.org\",\"@graph\":[{\"@type\":\"WebPage\",\"@id\":\"https:\\\/\\\/niche-creator.com\\\/es\\\/actualizaciones\\\/\",\"url\":\"https:\\\/\\\/niche-creator.com\\\/es\\\/actualizaciones\\\/\",\"name\":\"Actualizaciones &#8212; Niche Creator\",\"isPartOf\":{\"@id\":\"https:\\\/\\\/niche-creator.com\\\/es\\\/#website\"},\"datePublished\":\"2022-04-20T15:31:08+00:00\",\"dateModified\":\"2026-02-16T18:19:31+00:00\",\"breadcrumb\":{\"@id\":\"https:\\\/\\\/niche-creator.com\\\/es\\\/actualizaciones\\\/#breadcrumb\"},\"inLanguage\":\"es\",\"potentialAction\":[{\"@type\":\"ReadAction\",\"target\":[\"https:\\\/\\\/niche-creator.com\\\/es\\\/actualizaciones\\\/\"]}]},{\"@type\":\"BreadcrumbList\",\"@id\":\"https:\\\/\\\/niche-creator.com\\\/es\\\/actualizaciones\\\/#breadcrumb\",\"itemListElement\":[{\"@type\":\"ListItem\",\"position\":1,\"name\":\"Portada\",\"item\":\"https:\\\/\\\/niche-creator.com\\\/es\\\/\"},{\"@type\":\"ListItem\",\"position\":2,\"name\":\"Actualizaciones\"}]},{\"@type\":\"WebSite\",\"@id\":\"https:\\\/\\\/niche-creator.com\\\/es\\\/#website\",\"url\":\"https:\\\/\\\/niche-creator.com\\\/es\\\/\",\"name\":\"Niche Creator\",\"description\":\"Scrapea, genera y organiza.\",\"publisher\":{\"@id\":\"https:\\\/\\\/niche-creator.com\\\/es\\\/#organization\"},\"potentialAction\":[{\"@type\":\"SearchAction\",\"target\":{\"@type\":\"EntryPoint\",\"urlTemplate\":\"https:\\\/\\\/niche-creator.com\\\/es\\\/?s={search_term_string}\"},\"query-input\":{\"@type\":\"PropertyValueSpecification\",\"valueRequired\":true,\"valueName\":\"search_term_string\"}}],\"inLanguage\":\"es\"},{\"@type\":\"Organization\",\"@id\":\"https:\\\/\\\/niche-creator.com\\\/es\\\/#organization\",\"name\":\"Niche Creator\",\"url\":\"https:\\\/\\\/niche-creator.com\\\/es\\\/\",\"logo\":{\"@type\":\"ImageObject\",\"inLanguage\":\"es\",\"@id\":\"https:\\\/\\\/niche-creator.com\\\/es\\\/#\\\/schema\\\/logo\\\/image\\\/\",\"url\":\"https:\\\/\\\/niche-creator.com\\\/es\\\/wp-content\\\/uploads\\\/2025\\\/05\\\/logo-niche-creator-2.png\",\"contentUrl\":\"https:\\\/\\\/niche-creator.com\\\/es\\\/wp-content\\\/uploads\\\/2025\\\/05\\\/logo-niche-creator-2.png\",\"width\":689,\"height\":132,\"caption\":\"Niche Creator\"},\"image\":{\"@id\":\"https:\\\/\\\/niche-creator.com\\\/es\\\/#\\\/schema\\\/logo\\\/image\\\/\"}}]}<\/script>\n<!-- \/ Yoast SEO plugin. -->","yoast_head_json":{"title":"Actualizaciones &#8212; Niche Creator","robots":{"index":"index","follow":"follow","max-snippet":"max-snippet:-1","max-image-preview":"max-image-preview:large","max-video-preview":"max-video-preview:-1"},"canonical":"https:\/\/niche-creator.com\/es\/actualizaciones\/","og_locale":"es_ES","og_type":"article","og_title":"Actualizaciones &#8212; Niche Creator","og_description":"Niche Creator 2.0.4 (16\/02\/2026) Correcci\u00f3n de errores Adataci\u00f3n de Value SERRP Integraci\u00f3n&hellip;","og_url":"https:\/\/niche-creator.com\/es\/actualizaciones\/","og_site_name":"Niche Creator","article_modified_time":"2026-02-16T18:19:31+00:00","twitter_card":"summary_large_image","twitter_misc":{"Tiempo de lectura":"5 minutos"},"schema":{"@context":"https:\/\/schema.org","@graph":[{"@type":"WebPage","@id":"https:\/\/niche-creator.com\/es\/actualizaciones\/","url":"https:\/\/niche-creator.com\/es\/actualizaciones\/","name":"Actualizaciones &#8212; Niche Creator","isPartOf":{"@id":"https:\/\/niche-creator.com\/es\/#website"},"datePublished":"2022-04-20T15:31:08+00:00","dateModified":"2026-02-16T18:19:31+00:00","breadcrumb":{"@id":"https:\/\/niche-creator.com\/es\/actualizaciones\/#breadcrumb"},"inLanguage":"es","potentialAction":[{"@type":"ReadAction","target":["https:\/\/niche-creator.com\/es\/actualizaciones\/"]}]},{"@type":"BreadcrumbList","@id":"https:\/\/niche-creator.com\/es\/actualizaciones\/#breadcrumb","itemListElement":[{"@type":"ListItem","position":1,"name":"Portada","item":"https:\/\/niche-creator.com\/es\/"},{"@type":"ListItem","position":2,"name":"Actualizaciones"}]},{"@type":"WebSite","@id":"https:\/\/niche-creator.com\/es\/#website","url":"https:\/\/niche-creator.com\/es\/","name":"Niche Creator","description":"Scrapea, genera y organiza.","publisher":{"@id":"https:\/\/niche-creator.com\/es\/#organization"},"potentialAction":[{"@type":"SearchAction","target":{"@type":"EntryPoint","urlTemplate":"https:\/\/niche-creator.com\/es\/?s={search_term_string}"},"query-input":{"@type":"PropertyValueSpecification","valueRequired":true,"valueName":"search_term_string"}}],"inLanguage":"es"},{"@type":"Organization","@id":"https:\/\/niche-creator.com\/es\/#organization","name":"Niche Creator","url":"https:\/\/niche-creator.com\/es\/","logo":{"@type":"ImageObject","inLanguage":"es","@id":"https:\/\/niche-creator.com\/es\/#\/schema\/logo\/image\/","url":"https:\/\/niche-creator.com\/es\/wp-content\/uploads\/2025\/05\/logo-niche-creator-2.png","contentUrl":"https:\/\/niche-creator.com\/es\/wp-content\/uploads\/2025\/05\/logo-niche-creator-2.png","width":689,"height":132,"caption":"Niche Creator"},"image":{"@id":"https:\/\/niche-creator.com\/es\/#\/schema\/logo\/image\/"}}]}},"_links":{"self":[{"href":"https:\/\/niche-creator.com\/es\/wp-json\/wp\/v2\/pages\/811","targetHints":{"allow":["GET"]}}],"collection":[{"href":"https:\/\/niche-creator.com\/es\/wp-json\/wp\/v2\/pages"}],"about":[{"href":"https:\/\/niche-creator.com\/es\/wp-json\/wp\/v2\/types\/page"}],"author":[{"embeddable":true,"href":"https:\/\/niche-creator.com\/es\/wp-json\/wp\/v2\/users\/1"}],"replies":[{"embeddable":true,"href":"https:\/\/niche-creator.com\/es\/wp-json\/wp\/v2\/comments?post=811"}],"version-history":[{"count":68,"href":"https:\/\/niche-creator.com\/es\/wp-json\/wp\/v2\/pages\/811\/revisions"}],"predecessor-version":[{"id":12400,"href":"https:\/\/niche-creator.com\/es\/wp-json\/wp\/v2\/pages\/811\/revisions\/12400"}],"wp:attachment":[{"href":"https:\/\/niche-creator.com\/es\/wp-json\/wp\/v2\/media?parent=811"}],"curies":[{"name":"wp","href":"https:\/\/api.w.org\/{rel}","templated":true}]}}