{"id":518,"date":"2021-05-27T20:23:22","date_gmt":"2021-05-27T20:23:22","guid":{"rendered":"https:\/\/niche-creator.com\/es\/?page_id=518"},"modified":"2025-06-17T15:08:24","modified_gmt":"2025-06-17T15:08:24","slug":"condiciones-de-contratacion","status":"publish","type":"page","link":"https:\/\/niche-creator.com\/es\/condiciones-de-contratacion\/","title":{"rendered":"Condiciones de contratacion"},"content":{"rendered":"<p>El proceso de contrataci\u00f3n electr\u00f3nica a trav\u00e9s de https:\/\/niche-creator.com (en adelante, el Sitio o Sitio Web o Niche Creator) ser\u00e1 llevado a cabo por el usuario y Qubic Media, LLC (en adelante, el Titular del Sitio), quien es el responsable de los productos y servicios ofrecidos en el Sitio https:\/\/niche-creator.com, del cual es propietario.<br \/>\nLa actividad principal del Sitio se enfoca en la comercializaci\u00f3n de productos y la prestaci\u00f3n de servicios relacionados con la gesti\u00f3n de claves de licencia para la descarga y utilizaci\u00f3n del plugin WordPress Niche Creator.<\/p>\n<h3><strong>Datos<\/strong> identificativos<strong> del titular del sitio<\/strong><\/h3>\n<ul>\n<li>Denominaci\u00f3n social: Qubic Media, LLC<\/li>\n<li>Numero de corporaci\u00f3n: 7255428<\/li>\n<li>Domicilio social: 8 The Grn Ste A Dover, DE 19901, Delawere, United States<\/li>\n<li>Correo electr\u00f3nico: info@qubicmedia.io<\/li>\n<li>Actividad social: Venta de productos digitales y monetizaci\u00f3n de p\u00e1ginas web y canales de Youtube<\/li>\n<\/ul>\n<h3><strong>Objeto de<\/strong> las<strong> condiciones<\/strong><\/h3>\n<p>Las presentes condiciones generales tienen como objetivo regular las relaciones entre Niche Creator y sus usuarios, derivadas del proceso de contrataci\u00f3n de los productos ofrecidos por el titular del sitio a trav\u00e9s del sitio web <a href=\"https:\/\/niche-creator.com\/es\/\" target=\"_new\" rel=\"noopener\">https:\/\/niche-creator.com<\/a>.<\/p>\n<p>Estas condiciones se considerar\u00e1n vigentes y v\u00e1lidas mientras est\u00e9n disponibles en el sitio web. Es derecho exclusivo del titular del sitio modificar, sin necesidad de aviso previo, cualquiera de las cl\u00e1usulas que las componen.<\/p>\n<p>El uso del sitio web despu\u00e9s de la modificaci\u00f3n, sustituci\u00f3n o inclusi\u00f3n de textos se considerar\u00e1 como aceptaci\u00f3n por parte del usuario. La aceptaci\u00f3n previa de estas condiciones es una condici\u00f3n obligatoria para la contrataci\u00f3n de cualquier producto ofrecido por <a href=\"https:\/\/niche-creator.com\/es\/\" target=\"_new\" rel=\"noopener\">https:\/\/niche-creator.com<\/a>.<\/p>\n<h3>Intervinientes<\/h3>\n<p>El procedimiento de contrataci\u00f3n electr\u00f3nica en el sitio web <a href=\"https:\/\/niche-creator.com\/es\/\" target=\"_new\" rel=\"noopener\">https:\/\/niche-creator.com<\/a> se efect\u00faa entre el Titular del sitio y el Usuario. Por Usuario del sitio se entiende a los consumidores que son individuos o entidades jur\u00eddicas que se inscriben por medio del formulario designado en el sitio con ese prop\u00f3sito.<\/p>\n<h3>Productos ofrecidos<\/h3>\n<p>A continuaci\u00f3n se detallan los productos y servicios que el Titular del sitio ofrece para la contrataci\u00f3n por parte del Usuario:<\/p>\n<ul>\n<li>Niche Creator - Licencia para 1 sitio<\/li>\n<li>Niche Creator - Licencia para 5 sitios<\/li>\n<li>Niche Creator - Licencia para 100 sitios<\/li>\n<\/ul>\n<p>El precio de venta se expresa en euros. Cualquier cambio en los precios ser\u00e1 informado con antelaci\u00f3n por parte del Titular del sitio.<\/p>\n<p>Cabe destacar que el uso de la licencia est\u00e1 limitado exclusivamente para USO PERSONAL y no comercial. El incumplimiento de esta restricci\u00f3n podr\u00eda llevar a la suspensi\u00f3n o cancelaci\u00f3n de la licencia por parte del Titular del sitio.<\/p>\n<h3><strong>Proceso de<\/strong> contrataci\u00f3n<\/h3>\n<p>Para realizar una contrataci\u00f3n exitosa, el Usuario deber\u00e1 acceder a la secci\u00f3n de compras en el sitio web y seleccionar el producto de su inter\u00e9s. Una vez seleccionado el producto, se solicitar\u00e1 al Usuario que complete los datos requeridos y proceda al pago utilizando las plataformas segura de Paypal, MercadoPago o Bitcoin.<\/p>\n<p>Una vez completado el pago, el sitio web enviar\u00e1 un correo electr\u00f3nico al Usuario con su n\u00famero de licencia y un enlace para descargar la plantilla de manera inmediata y autom\u00e1tica.<\/p>\n<h3>Formas de pago<\/h3>\n<p>En Niche Creator nos esforzamos por ofrecer a nuestros clientes las opciones de pago m\u00e1s convenientes y seguras. Actualmente, aceptamos pagos a trav\u00e9s de las siguientes plataformas:<\/p>\n<ul>\n<li>Tarjeta de cr\u00e9dito<\/li>\n<li>PayPal<\/li>\n<\/ul>\n<h3>Pol\u00edtica de devoluciones<\/h3>\n<p>El ejercicio del derecho de devoluci\u00f3n por parte del USUARIO ser\u00e1 plenamente respetado. Para ello, deber\u00e1 solicitar el reembolso dentro de los primeros catorce (14) d\u00edas de haber realizado la compra. Pasado dicho plazo, el Usuario perder\u00e1 su derecho a la devoluci\u00f3n del dinero.<\/p>\n<p>Solo los nuevos usuarios podr\u00e1n acogerse a esta garant\u00eda, ya que aquellos con compras previas han tenido la oportunidad de probar el producto previamente.<\/p>\n<p>La solicitud de devoluci\u00f3n deber\u00e1 ser realizada a trav\u00e9s del formulario de contacto disponible en el sitio web.<\/p>\n<p>El proceso de devoluci\u00f3n del dinero ser\u00e1 efectuado en un plazo m\u00e1ximo de treinta (30) d\u00edas. Una vez efectuada la devoluci\u00f3n, el Usuario perder\u00e1 su derecho de uso de Niche Creator y deber\u00e1 eliminar la plantilla de todos sus sitios, servidores, discos locales y otros medios donde haya sido almacenada.<\/p>\n<h3><strong>Soporte<\/strong> t\u00e9cnico<\/h3>\n<p>El Usuario tendr\u00e1 derecho a recibir soporte t\u00e9cnico durante los siete d\u00edas de la semana. Para comunicarse con nosotros, pueden enviarnos un correo electr\u00f3nico a nuestra direcci\u00f3n de soporte, <a href=\"mailto:soporte@niche-creator.com\" target=\"_new\" rel=\"noopener\">info@niche-creator.com<\/a>, o utilizar nuestro formulario de soporte disponible en el sitio web.<\/p>\n<p>Para asegurar una respuesta r\u00e1pida y efectiva a los problemas de nuestros usuarios, es importante que colaboren proporcionando toda la informaci\u00f3n relevante necesaria para resolver su problema. Aunque no podemos garantizar una soluci\u00f3n a todos los problemas, nos comprometemos a brindar un servicio t\u00e9cnico profesional y responsable.<\/p>\n<p><strong>Propiedad intelectual<\/strong><\/p>\n<p>El Usuario se compromete a respetar y cumplir con las leyes de propiedad intelectual vigentes en su jurisdicci\u00f3n y en la de los Estados Unidos de Am\u00e9rica.<\/p>\n<p>Se proh\u00edbe expresamente al Usuario realizar actividades denominadas conjuntas o pirater\u00eda, consistentes en la agrupaci\u00f3n de distintas personas para la adquisici\u00f3n de un producto o servicio de \u00edndole digital pagado por solo una de ellas pero que facilita el acceso de su licencia de acceso al grupo para su beneficio. La infracci\u00f3n de esta cl\u00e1usula puede llevar a la cancelaci\u00f3n definitiva de la licencia otorgada, sin necesidad de previo aviso y adem\u00e1s el Titular del sitio se reserva el derecho de ejercer acciones judiciales civiles o penales contra el infractor.<\/p>\n<p>El Usuario se compromete a utilizar Niche Creator \u00fanicamente para fines legales y a no realizar ninguna actividad que infrinja los derechos de propiedad intelectual del Titular del sitio o de terceros.<\/p>\n<p>Queda expresamente prohibido redistribuir Niche Creator como stock, en una herramienta o plantilla, o con archivos fuente. El Usuario no puede redistribuir o poner a disposici\u00f3n Niche Creator tal cual o con modificaciones superficiales, ni obtener una licencia de Niche Creator y luego ponerlo a su disposici\u00f3n en su sitio web para que lo descarguen sus usuarios.<\/p>\n<p>Tampoco puede extraer y utilizar un solo componente de Niche Creator de forma independiente.<\/p>\n<h3 id=\"programa-de-afiliados\">Programa<strong> de afiliados<\/strong><\/h3>\n<p>El prop\u00f3sito del programa de afiliados de Niche Creator es recompensar a los usuarios afiliados por cualquier nueva venta que generen. El programa no brinda derecho al afiliado de representarse a s\u00ed mismo como socio o cualquier forma de asociado de Niche Creator que no sea como afiliado, seg\u00fan lo dispuesto expresamente en este acuerdo. Niche Creator tiene derecho de variar, modificar o cancelar este programa sin notificar al afiliado.<\/p>\n<h3>Detalles del programa de afiliaci\u00f3n<\/h3>\n<p>Niche Creator pagar\u00e1 al afiliado una comisi\u00f3n del 40% del valor de cada primera compra realizada por nuevos usuarios que provenga a trav\u00e9s del v\u00ednculo del afiliado.<\/p>\n<p>El pago se podr\u00e1 solicitar una vez el afiliado haya acumulado 50 d\u00f3lares. Para solicitarlo, debes contactarte a la direcci\u00f3n de correo hola@niche-creator.com<\/p>\n<p>El per\u00edodo de madurez de cada referido es de 30 d\u00edas desde la fecha de compra. Los productos reembolsados dentro del per\u00edodo de 30 d\u00edas posteriores a la compra se descontar\u00e1n de las comisiones de afiliado.<\/p>\n<p>La cookie generada desde un v\u00ednculo de afiliado tiene una duraci\u00f3n de 15 d\u00edas.<\/p>\n<p>El afiliado tendr\u00e1 acceso a un panel donde podr\u00e1n para revisar sus ventas, clics en enlaces de afiliados, generar sus enlaces de afiliados, entre otros. Niche Creator se reserva el derecho de rescindir este acuerdo y el estado del afiliado en cualquier momento por cualquier motivo a su exclusivo criterio.<\/p>\n<p>Si Niche Creator considera que el sitio web del afiliado no es apropiado para nuestro programa, este acuerdo se rescindir\u00e1. Niche Creator se reserva el derecho de retirar el estado de afiliado en cualquier momento despu\u00e9s de que haya sido aceptado en este programa por cualquier motivo que Niche Creator considere relevante. l sitio web del afiliado puede considerarse inapropiado si, en opini\u00f3n de Niche Creator, contiene, promueve o contiene enlaces a sitios que son:<\/p>\n<ol>\n<li>Material discriminatorio, sexualmente expl\u00edcito o violento, o<\/li>\n<li>Promover, representar o contener enlaces a material que promueva o describa la discriminaci\u00f3n, o<\/li>\n<li>Contiene material ilegal, o<\/li>\n<li>Contiene informaci\u00f3n sobre, promueve o enlaza a un sitio que proporciona informaci\u00f3n o promueve actividades ilegales, o<\/li>\n<li>Por cualquier otro motivo que Niche Creator considere inadecuado.<\/li>\n<\/ol>\n<h3><strong>Legislaci\u00f3n aplicable<\/strong><\/h3>\n<p>Este acuerdo ser\u00e1 interpretado y gobernado de acuerdo con las leyes de Argentina, sin dar efecto a cualquier principio de conflictos de ley. Si alguna disposici\u00f3n de estos t\u00e9rminos y condiciones es declarada ilegal, o presenta un vac\u00edo, o por cualquier raz\u00f3n resulta inaplicable, la misma deber\u00e1 ser interpretada dentro del marco del mismo y en cualquier caso no afectar\u00e1 la validez y la aplicabilidad de las provisiones restantes. La sede de dicho arbitraje ser\u00e1 la Ciudad Aut\u00f3noma de Buenos Aires y los procedimientos se llevar\u00e1n a cabo en idioma castellano.<\/p>\n<h3>Modificaci\u00f3n de las condiciones generales de contrataci\u00f3n<\/h3>\n<p>Las presentes condiciones de contrataci\u00f3n se regir\u00e1n e interpretar\u00e1n de acuerdo con las leyes del estado de Delaware y las leyes federales de los Estados Unidos de Am\u00e9rica. Cualquier disputa que surja de o en relaci\u00f3n con estas condiciones ser\u00e1 resuelta exclusivamente por los tribunales estatales o federales ubicados en el estado de Delaware.<\/p>\n","protected":false},"excerpt":{"rendered":"<p>El proceso de contrataci\u00f3n electr\u00f3nica a trav\u00e9s de https:\/\/niche-creator.com (en adelante, el&hellip;<\/p>\n","protected":false},"author":1,"featured_media":0,"parent":0,"menu_order":0,"comment_status":"closed","ping_status":"closed","template":"","meta":{"footnotes":""},"class_list":["post-518","page","type-page","status-publish","hentry"],"yoast_head":"<!-- This site is optimized with the Yoast SEO plugin v27.4 - https:\/\/yoast.com\/product\/yoast-seo-wordpress\/ -->\n<title>Condiciones de contratacion &#8212; Niche Creator<\/title>\n<meta name=\"robots\" content=\"index, follow, max-snippet:-1, max-image-preview:large, max-video-preview:-1\" \/>\n<link rel=\"canonical\" href=\"https:\/\/niche-creator.com\/es\/condiciones-de-contratacion\/\" \/>\n<meta property=\"og:locale\" content=\"es_ES\" \/>\n<meta property=\"og:type\" content=\"article\" \/>\n<meta property=\"og:title\" content=\"Condiciones de contratacion &#8212; Niche Creator\" \/>\n<meta property=\"og:description\" content=\"El proceso de contrataci\u00f3n electr\u00f3nica a trav\u00e9s de https:\/\/niche-creator.com (en adelante, el&hellip;\" \/>\n<meta property=\"og:url\" content=\"https:\/\/niche-creator.com\/es\/condiciones-de-contratacion\/\" \/>\n<meta property=\"og:site_name\" content=\"Niche Creator\" \/>\n<meta property=\"article:modified_time\" content=\"2025-06-17T15:08:24+00:00\" \/>\n<meta name=\"twitter:card\" content=\"summary_large_image\" \/>\n<meta name=\"twitter:label1\" content=\"Tiempo de lectura\" \/>\n\t<meta name=\"twitter:data1\" content=\"7 minutos\" \/>\n<script type=\"application\/ld+json\" class=\"yoast-schema-graph\">{\"@context\":\"https:\\\/\\\/schema.org\",\"@graph\":[{\"@type\":\"WebPage\",\"@id\":\"https:\\\/\\\/niche-creator.com\\\/es\\\/condiciones-de-contratacion\\\/\",\"url\":\"https:\\\/\\\/niche-creator.com\\\/es\\\/condiciones-de-contratacion\\\/\",\"name\":\"Condiciones de contratacion &#8212; Niche Creator\",\"isPartOf\":{\"@id\":\"https:\\\/\\\/niche-creator.com\\\/es\\\/#website\"},\"datePublished\":\"2021-05-27T20:23:22+00:00\",\"dateModified\":\"2025-06-17T15:08:24+00:00\",\"breadcrumb\":{\"@id\":\"https:\\\/\\\/niche-creator.com\\\/es\\\/condiciones-de-contratacion\\\/#breadcrumb\"},\"inLanguage\":\"es\",\"potentialAction\":[{\"@type\":\"ReadAction\",\"target\":[\"https:\\\/\\\/niche-creator.com\\\/es\\\/condiciones-de-contratacion\\\/\"]}]},{\"@type\":\"BreadcrumbList\",\"@id\":\"https:\\\/\\\/niche-creator.com\\\/es\\\/condiciones-de-contratacion\\\/#breadcrumb\",\"itemListElement\":[{\"@type\":\"ListItem\",\"position\":1,\"name\":\"Portada\",\"item\":\"https:\\\/\\\/niche-creator.com\\\/es\\\/\"},{\"@type\":\"ListItem\",\"position\":2,\"name\":\"Condiciones de contratacion\"}]},{\"@type\":\"WebSite\",\"@id\":\"https:\\\/\\\/niche-creator.com\\\/es\\\/#website\",\"url\":\"https:\\\/\\\/niche-creator.com\\\/es\\\/\",\"name\":\"Niche Creator\",\"description\":\"Scrapea, genera y organiza.\",\"publisher\":{\"@id\":\"https:\\\/\\\/niche-creator.com\\\/es\\\/#organization\"},\"potentialAction\":[{\"@type\":\"SearchAction\",\"target\":{\"@type\":\"EntryPoint\",\"urlTemplate\":\"https:\\\/\\\/niche-creator.com\\\/es\\\/?s={search_term_string}\"},\"query-input\":{\"@type\":\"PropertyValueSpecification\",\"valueRequired\":true,\"valueName\":\"search_term_string\"}}],\"inLanguage\":\"es\"},{\"@type\":\"Organization\",\"@id\":\"https:\\\/\\\/niche-creator.com\\\/es\\\/#organization\",\"name\":\"Niche Creator\",\"url\":\"https:\\\/\\\/niche-creator.com\\\/es\\\/\",\"logo\":{\"@type\":\"ImageObject\",\"inLanguage\":\"es\",\"@id\":\"https:\\\/\\\/niche-creator.com\\\/es\\\/#\\\/schema\\\/logo\\\/image\\\/\",\"url\":\"https:\\\/\\\/niche-creator.com\\\/es\\\/wp-content\\\/uploads\\\/2025\\\/05\\\/logo-niche-creator-2.png\",\"contentUrl\":\"https:\\\/\\\/niche-creator.com\\\/es\\\/wp-content\\\/uploads\\\/2025\\\/05\\\/logo-niche-creator-2.png\",\"width\":689,\"height\":132,\"caption\":\"Niche Creator\"},\"image\":{\"@id\":\"https:\\\/\\\/niche-creator.com\\\/es\\\/#\\\/schema\\\/logo\\\/image\\\/\"}}]}<\/script>\n<!-- \/ Yoast SEO plugin. -->","yoast_head_json":{"title":"Condiciones de contratacion &#8212; Niche Creator","robots":{"index":"index","follow":"follow","max-snippet":"max-snippet:-1","max-image-preview":"max-image-preview:large","max-video-preview":"max-video-preview:-1"},"canonical":"https:\/\/niche-creator.com\/es\/condiciones-de-contratacion\/","og_locale":"es_ES","og_type":"article","og_title":"Condiciones de contratacion &#8212; Niche Creator","og_description":"El proceso de contrataci\u00f3n electr\u00f3nica a trav\u00e9s de https:\/\/niche-creator.com (en adelante, el&hellip;","og_url":"https:\/\/niche-creator.com\/es\/condiciones-de-contratacion\/","og_site_name":"Niche Creator","article_modified_time":"2025-06-17T15:08:24+00:00","twitter_card":"summary_large_image","twitter_misc":{"Tiempo de lectura":"7 minutos"},"schema":{"@context":"https:\/\/schema.org","@graph":[{"@type":"WebPage","@id":"https:\/\/niche-creator.com\/es\/condiciones-de-contratacion\/","url":"https:\/\/niche-creator.com\/es\/condiciones-de-contratacion\/","name":"Condiciones de contratacion &#8212; Niche Creator","isPartOf":{"@id":"https:\/\/niche-creator.com\/es\/#website"},"datePublished":"2021-05-27T20:23:22+00:00","dateModified":"2025-06-17T15:08:24+00:00","breadcrumb":{"@id":"https:\/\/niche-creator.com\/es\/condiciones-de-contratacion\/#breadcrumb"},"inLanguage":"es","potentialAction":[{"@type":"ReadAction","target":["https:\/\/niche-creator.com\/es\/condiciones-de-contratacion\/"]}]},{"@type":"BreadcrumbList","@id":"https:\/\/niche-creator.com\/es\/condiciones-de-contratacion\/#breadcrumb","itemListElement":[{"@type":"ListItem","position":1,"name":"Portada","item":"https:\/\/niche-creator.com\/es\/"},{"@type":"ListItem","position":2,"name":"Condiciones de contratacion"}]},{"@type":"WebSite","@id":"https:\/\/niche-creator.com\/es\/#website","url":"https:\/\/niche-creator.com\/es\/","name":"Niche Creator","description":"Scrapea, genera y organiza.","publisher":{"@id":"https:\/\/niche-creator.com\/es\/#organization"},"potentialAction":[{"@type":"SearchAction","target":{"@type":"EntryPoint","urlTemplate":"https:\/\/niche-creator.com\/es\/?s={search_term_string}"},"query-input":{"@type":"PropertyValueSpecification","valueRequired":true,"valueName":"search_term_string"}}],"inLanguage":"es"},{"@type":"Organization","@id":"https:\/\/niche-creator.com\/es\/#organization","name":"Niche Creator","url":"https:\/\/niche-creator.com\/es\/","logo":{"@type":"ImageObject","inLanguage":"es","@id":"https:\/\/niche-creator.com\/es\/#\/schema\/logo\/image\/","url":"https:\/\/niche-creator.com\/es\/wp-content\/uploads\/2025\/05\/logo-niche-creator-2.png","contentUrl":"https:\/\/niche-creator.com\/es\/wp-content\/uploads\/2025\/05\/logo-niche-creator-2.png","width":689,"height":132,"caption":"Niche Creator"},"image":{"@id":"https:\/\/niche-creator.com\/es\/#\/schema\/logo\/image\/"}}]}},"_links":{"self":[{"href":"https:\/\/niche-creator.com\/es\/wp-json\/wp\/v2\/pages\/518","targetHints":{"allow":["GET"]}}],"collection":[{"href":"https:\/\/niche-creator.com\/es\/wp-json\/wp\/v2\/pages"}],"about":[{"href":"https:\/\/niche-creator.com\/es\/wp-json\/wp\/v2\/types\/page"}],"author":[{"embeddable":true,"href":"https:\/\/niche-creator.com\/es\/wp-json\/wp\/v2\/users\/1"}],"replies":[{"embeddable":true,"href":"https:\/\/niche-creator.com\/es\/wp-json\/wp\/v2\/comments?post=518"}],"version-history":[{"count":13,"href":"https:\/\/niche-creator.com\/es\/wp-json\/wp\/v2\/pages\/518\/revisions"}],"predecessor-version":[{"id":9788,"href":"https:\/\/niche-creator.com\/es\/wp-json\/wp\/v2\/pages\/518\/revisions\/9788"}],"wp:attachment":[{"href":"https:\/\/niche-creator.com\/es\/wp-json\/wp\/v2\/media?parent=518"}],"curies":[{"name":"wp","href":"https:\/\/api.w.org\/{rel}","templated":true}]}}