{"id":508,"date":"2021-05-27T20:11:47","date_gmt":"2021-05-27T20:11:47","guid":{"rendered":"https:\/\/niche-creator.com\/es\/?page_id=508"},"modified":"2025-05-26T11:37:39","modified_gmt":"2025-05-26T11:37:39","slug":"politica-de-privacidad","status":"publish","type":"page","link":"https:\/\/niche-creator.com\/es\/politica-de-privacidad\/","title":{"rendered":"Pol\u00edtica de privacidad"},"content":{"rendered":"<p>Qubic Media, LLC (\"nosotros\", \"nos\" o \"nuestro\") es due\u00f1o y opera el plugin WordPress Niche Creator. Esta p\u00e1gina le informa sobre nuestras pol\u00edticas con respecto a la recopilaci\u00f3n, uso y divulgaci\u00f3n de datos personales cuando utiliza nuestro servicio, as\u00ed como las opciones que tiene asociadas a esos datos.<\/p>\n<p>Recopilamos varios tipos de informaci\u00f3n para diversos prop\u00f3sitos con el fin de proporcionar y mejorar nuestro servicio a usted.<\/p>\n<h3>Datos personales<\/h3>\n<p>Mientras utiliza nuestro servicio, podemos solicitarle que nos proporcione cierta informaci\u00f3n de identificaci\u00f3n personal que se puede utilizar para contactarlo o identificarlo (\"Datos personales\"). La informaci\u00f3n de identificaci\u00f3n personal puede incluir, entre otros:<\/p>\n<ul>\n<li>Direcci\u00f3n de correo electr\u00f3nico<\/li>\n<li>Nombre y apellido<\/li>\n<li>Cookies y datos de uso<\/li>\n<\/ul>\n<p>Podemos usar sus datos personales para contactarlo con boletines informativos, materiales de marketing o promocionales y otra informaci\u00f3n que pueda ser de su inter\u00e9s. Puede optar por no recibir alguna o todas estas comunicaciones de nuestra parte siguiendo el enlace para darse de baja o las instrucciones proporcionadas en cualquier correo electr\u00f3nico que le enviemos.<\/p>\n<h3>Datos de uso<\/h3>\n<p>Tambi\u00e9n podemos recopilar informaci\u00f3n sobre c\u00f3mo se accede y utiliza el servicio (\"Datos de uso\"). Estos datos pueden incluir informaci\u00f3n como la direcci\u00f3n de protocolo de Internet (por ejemplo, direcci\u00f3n IP) de su ordenador, el tipo de navegador, la versi\u00f3n del navegador, las p\u00e1ginas del servicio que visita, la hora y fecha de su visita, el tiempo que pasa en esas p\u00e1ginas, identificadores \u00fanicos de dispositivos y otros datos de diagn\u00f3stico.<\/p>\n<h3>Seguimiento y datos de cookies<\/h3>\n<p>Usamos cookies y tecnolog\u00edas de seguimiento similares para rastrear la actividad en nuestro servicio y almacenar cierta informaci\u00f3n.<\/p>\n<p>Las cookies son archivos con una peque\u00f1a cantidad de datos que pueden incluir un identificador \u00fanico an\u00f3nimo. Las cookies se env\u00edan a su navegador desde un sitio web y se almacenan en su dispositivo. Las tecnolog\u00edas de seguimiento tambi\u00e9n utilizadas son balizas, etiquetas y scripts para recopilar y rastrear informaci\u00f3n y para mejorar y analizar nuestro servicio.<\/p>\n<p>Puede instruir a su navegador para que rechace todas las cookies o para que le avise cuando se env\u00eda una cookie. Sin embargo, si no acepta las cookies, es posible que no pueda utilizar algunas partes de nuestro servicio.<\/p>\n<p>Ejemplos de cookies que usamos:<\/p>\n<ul>\n<li>Cookies de sesi\u00f3n. Usamos cookies de sesi\u00f3n para operar nuestro servicio.<\/li>\n<li>Cookies de preferencia. Usamos cookies de preferencia para recordar sus preferencias y configuraciones diversas.<\/li>\n<li>Cookies de seguridad. Usamos cookies de seguridad con fines de seguridad.<\/li>\n<\/ul>\n<h3>Uso de datos<\/h3>\n<p>Qubic Media, LLC utiliza los datos recopilados para diversos fines:<\/p>\n<ul>\n<li>Proporcionar y mantener el servicio<\/li>\n<li>Notificarle sobre cambios en nuestro servicio<\/li>\n<li>Permitirle participar en funciones interactivas de nuestro servicio cuando decida hacerlo<\/li>\n<li>Proporcionar atenci\u00f3n al cliente y soporte<\/li>\n<li>Proporcionar an\u00e1lisis o informaci\u00f3n valiosa para que podamos mejorar el servicio<\/li>\n<li>Monitorear el uso del servicio<\/li>\n<li>Detectar, prevenir y abordar problemas t\u00e9cnicos<\/li>\n<\/ul>\n<h3>Proveedores de servicio<\/h3>\n<p>Podemos emplear empresas e individuos de terceros para facilitar nuestro Servicio (\"Proveedores de servicios\"), para proporcionar el Servicio en nuestro nombre, para realizar servicios relacionados con el Servicio o para ayudarnos a analizar c\u00f3mo se utiliza nuestro Servicio.<\/p>\n<p>Estos terceros tienen acceso a sus Datos personales solo para realizar estas tareas en nuestro nombre y est\u00e1n obligados a no divulgarlos ni utilizarlos para ning\u00fan otro prop\u00f3sito.<\/p>\n<h3>Enlaces a otros sitios web<\/h3>\n<p>Nuestro servicio puede contener enlaces a otros sitios web que no son operados por nosotros. Si haces clic en un enlace de terceros, ser\u00e1s dirigido al sitio web de ese tercero. Te recomendamos que revises la pol\u00edtica de privacidad de cada sitio web que visites.<\/p>\n<p>No tenemos control sobre el contenido, las pol\u00edticas de privacidad o las pr\u00e1cticas de ning\u00fan sitio web o servicio de terceros y no asumimos ninguna responsabilidad por ellos.<\/p>\n<h3>Cambios a esta Pol\u00edtica de Privacidad<\/h3>\n<p>Podemos actualizar nuestra Pol\u00edtica de Privacidad de vez en cuando.\u00a0Te recomendamos revisar peri\u00f3dicamente esta Pol\u00edtica de Privacidad para ver si hay cambios. Los cambios a esta Pol\u00edtica de Privacidad son efectivos cuando se publican en esta p\u00e1gina.<\/p>\n<h3>Cont\u00e1ctanos<\/h3>\n<p>Si tienes alguna pregunta sobre esta Pol\u00edtica de Privacidad, cont\u00e1ctanos:<\/p>\n<ul>\n<li>Por correo electr\u00f3nico: <a href=\"mailto:info@qubicmedia.io\" target=\"_new\" rel=\"noopener\">info@qubicmedia.io<\/a><\/li>\n<li>Visitando esta p\u00e1gina en nuestro sitio web: <a href=\"https:\/\/qubicmedia.io\/\" target=\"_new\" rel=\"noopener\">https:\/\/qubicmedia.io<\/a><\/li>\n<\/ul>\n","protected":false},"excerpt":{"rendered":"<p>Qubic Media, LLC (\"nosotros\", \"nos\" o \"nuestro\") es due\u00f1o y opera el&hellip;<\/p>\n","protected":false},"author":1,"featured_media":0,"parent":0,"menu_order":0,"comment_status":"closed","ping_status":"closed","template":"","meta":{"footnotes":""},"class_list":["post-508","page","type-page","status-publish","hentry"],"yoast_head":"<!-- This site is optimized with the Yoast SEO plugin v27.4 - https:\/\/yoast.com\/product\/yoast-seo-wordpress\/ -->\n<title>Pol\u00edtica de privacidad &#8212; Niche Creator<\/title>\n<meta name=\"robots\" content=\"index, follow, max-snippet:-1, max-image-preview:large, max-video-preview:-1\" \/>\n<link rel=\"canonical\" href=\"https:\/\/niche-creator.com\/es\/politica-de-privacidad\/\" \/>\n<meta property=\"og:locale\" content=\"es_ES\" \/>\n<meta property=\"og:type\" content=\"article\" \/>\n<meta property=\"og:title\" content=\"Pol\u00edtica de privacidad &#8212; Niche Creator\" \/>\n<meta property=\"og:description\" content=\"Qubic Media, LLC (&quot;nosotros&quot;, &quot;nos&quot; o &quot;nuestro&quot;) es due\u00f1o y opera el&hellip;\" \/>\n<meta property=\"og:url\" content=\"https:\/\/niche-creator.com\/es\/politica-de-privacidad\/\" \/>\n<meta property=\"og:site_name\" content=\"Niche Creator\" \/>\n<meta property=\"article:modified_time\" content=\"2025-05-26T11:37:39+00:00\" \/>\n<meta name=\"twitter:card\" content=\"summary_large_image\" \/>\n<meta name=\"twitter:label1\" content=\"Tiempo de lectura\" \/>\n\t<meta name=\"twitter:data1\" content=\"4 minutos\" \/>\n<script type=\"application\/ld+json\" class=\"yoast-schema-graph\">{\"@context\":\"https:\\\/\\\/schema.org\",\"@graph\":[{\"@type\":\"WebPage\",\"@id\":\"https:\\\/\\\/niche-creator.com\\\/es\\\/politica-de-privacidad\\\/\",\"url\":\"https:\\\/\\\/niche-creator.com\\\/es\\\/politica-de-privacidad\\\/\",\"name\":\"Pol\u00edtica de privacidad &#8212; Niche Creator\",\"isPartOf\":{\"@id\":\"https:\\\/\\\/niche-creator.com\\\/es\\\/#website\"},\"datePublished\":\"2021-05-27T20:11:47+00:00\",\"dateModified\":\"2025-05-26T11:37:39+00:00\",\"breadcrumb\":{\"@id\":\"https:\\\/\\\/niche-creator.com\\\/es\\\/politica-de-privacidad\\\/#breadcrumb\"},\"inLanguage\":\"es\",\"potentialAction\":[{\"@type\":\"ReadAction\",\"target\":[\"https:\\\/\\\/niche-creator.com\\\/es\\\/politica-de-privacidad\\\/\"]}]},{\"@type\":\"BreadcrumbList\",\"@id\":\"https:\\\/\\\/niche-creator.com\\\/es\\\/politica-de-privacidad\\\/#breadcrumb\",\"itemListElement\":[{\"@type\":\"ListItem\",\"position\":1,\"name\":\"Portada\",\"item\":\"https:\\\/\\\/niche-creator.com\\\/es\\\/\"},{\"@type\":\"ListItem\",\"position\":2,\"name\":\"Pol\u00edtica de privacidad\"}]},{\"@type\":\"WebSite\",\"@id\":\"https:\\\/\\\/niche-creator.com\\\/es\\\/#website\",\"url\":\"https:\\\/\\\/niche-creator.com\\\/es\\\/\",\"name\":\"Niche Creator\",\"description\":\"Scrapea, genera y organiza.\",\"publisher\":{\"@id\":\"https:\\\/\\\/niche-creator.com\\\/es\\\/#organization\"},\"potentialAction\":[{\"@type\":\"SearchAction\",\"target\":{\"@type\":\"EntryPoint\",\"urlTemplate\":\"https:\\\/\\\/niche-creator.com\\\/es\\\/?s={search_term_string}\"},\"query-input\":{\"@type\":\"PropertyValueSpecification\",\"valueRequired\":true,\"valueName\":\"search_term_string\"}}],\"inLanguage\":\"es\"},{\"@type\":\"Organization\",\"@id\":\"https:\\\/\\\/niche-creator.com\\\/es\\\/#organization\",\"name\":\"Niche Creator\",\"url\":\"https:\\\/\\\/niche-creator.com\\\/es\\\/\",\"logo\":{\"@type\":\"ImageObject\",\"inLanguage\":\"es\",\"@id\":\"https:\\\/\\\/niche-creator.com\\\/es\\\/#\\\/schema\\\/logo\\\/image\\\/\",\"url\":\"https:\\\/\\\/niche-creator.com\\\/es\\\/wp-content\\\/uploads\\\/2025\\\/05\\\/logo-niche-creator-2.png\",\"contentUrl\":\"https:\\\/\\\/niche-creator.com\\\/es\\\/wp-content\\\/uploads\\\/2025\\\/05\\\/logo-niche-creator-2.png\",\"width\":689,\"height\":132,\"caption\":\"Niche Creator\"},\"image\":{\"@id\":\"https:\\\/\\\/niche-creator.com\\\/es\\\/#\\\/schema\\\/logo\\\/image\\\/\"}}]}<\/script>\n<!-- \/ Yoast SEO plugin. -->","yoast_head_json":{"title":"Pol\u00edtica de privacidad &#8212; Niche Creator","robots":{"index":"index","follow":"follow","max-snippet":"max-snippet:-1","max-image-preview":"max-image-preview:large","max-video-preview":"max-video-preview:-1"},"canonical":"https:\/\/niche-creator.com\/es\/politica-de-privacidad\/","og_locale":"es_ES","og_type":"article","og_title":"Pol\u00edtica de privacidad &#8212; Niche Creator","og_description":"Qubic Media, LLC (\"nosotros\", \"nos\" o \"nuestro\") es due\u00f1o y opera el&hellip;","og_url":"https:\/\/niche-creator.com\/es\/politica-de-privacidad\/","og_site_name":"Niche Creator","article_modified_time":"2025-05-26T11:37:39+00:00","twitter_card":"summary_large_image","twitter_misc":{"Tiempo de lectura":"4 minutos"},"schema":{"@context":"https:\/\/schema.org","@graph":[{"@type":"WebPage","@id":"https:\/\/niche-creator.com\/es\/politica-de-privacidad\/","url":"https:\/\/niche-creator.com\/es\/politica-de-privacidad\/","name":"Pol\u00edtica de privacidad &#8212; Niche Creator","isPartOf":{"@id":"https:\/\/niche-creator.com\/es\/#website"},"datePublished":"2021-05-27T20:11:47+00:00","dateModified":"2025-05-26T11:37:39+00:00","breadcrumb":{"@id":"https:\/\/niche-creator.com\/es\/politica-de-privacidad\/#breadcrumb"},"inLanguage":"es","potentialAction":[{"@type":"ReadAction","target":["https:\/\/niche-creator.com\/es\/politica-de-privacidad\/"]}]},{"@type":"BreadcrumbList","@id":"https:\/\/niche-creator.com\/es\/politica-de-privacidad\/#breadcrumb","itemListElement":[{"@type":"ListItem","position":1,"name":"Portada","item":"https:\/\/niche-creator.com\/es\/"},{"@type":"ListItem","position":2,"name":"Pol\u00edtica de privacidad"}]},{"@type":"WebSite","@id":"https:\/\/niche-creator.com\/es\/#website","url":"https:\/\/niche-creator.com\/es\/","name":"Niche Creator","description":"Scrapea, genera y organiza.","publisher":{"@id":"https:\/\/niche-creator.com\/es\/#organization"},"potentialAction":[{"@type":"SearchAction","target":{"@type":"EntryPoint","urlTemplate":"https:\/\/niche-creator.com\/es\/?s={search_term_string}"},"query-input":{"@type":"PropertyValueSpecification","valueRequired":true,"valueName":"search_term_string"}}],"inLanguage":"es"},{"@type":"Organization","@id":"https:\/\/niche-creator.com\/es\/#organization","name":"Niche Creator","url":"https:\/\/niche-creator.com\/es\/","logo":{"@type":"ImageObject","inLanguage":"es","@id":"https:\/\/niche-creator.com\/es\/#\/schema\/logo\/image\/","url":"https:\/\/niche-creator.com\/es\/wp-content\/uploads\/2025\/05\/logo-niche-creator-2.png","contentUrl":"https:\/\/niche-creator.com\/es\/wp-content\/uploads\/2025\/05\/logo-niche-creator-2.png","width":689,"height":132,"caption":"Niche Creator"},"image":{"@id":"https:\/\/niche-creator.com\/es\/#\/schema\/logo\/image\/"}}]}},"_links":{"self":[{"href":"https:\/\/niche-creator.com\/es\/wp-json\/wp\/v2\/pages\/508","targetHints":{"allow":["GET"]}}],"collection":[{"href":"https:\/\/niche-creator.com\/es\/wp-json\/wp\/v2\/pages"}],"about":[{"href":"https:\/\/niche-creator.com\/es\/wp-json\/wp\/v2\/types\/page"}],"author":[{"embeddable":true,"href":"https:\/\/niche-creator.com\/es\/wp-json\/wp\/v2\/users\/1"}],"replies":[{"embeddable":true,"href":"https:\/\/niche-creator.com\/es\/wp-json\/wp\/v2\/comments?post=508"}],"version-history":[{"count":7,"href":"https:\/\/niche-creator.com\/es\/wp-json\/wp\/v2\/pages\/508\/revisions"}],"predecessor-version":[{"id":8785,"href":"https:\/\/niche-creator.com\/es\/wp-json\/wp\/v2\/pages\/508\/revisions\/8785"}],"wp:attachment":[{"href":"https:\/\/niche-creator.com\/es\/wp-json\/wp\/v2\/media?parent=508"}],"curies":[{"name":"wp","href":"https:\/\/api.w.org\/{rel}","templated":true}]}}