{"id":4675,"date":"2023-04-05T14:56:43","date_gmt":"2023-04-05T14:56:43","guid":{"rendered":"https:\/\/niche-creator.com\/es\/?page_id=4675"},"modified":"2025-05-26T11:39:50","modified_gmt":"2025-05-26T11:39:50","slug":"aviso-legal","status":"publish","type":"page","link":"https:\/\/niche-creator.com\/es\/aviso-legal\/","title":{"rendered":"Aviso legal"},"content":{"rendered":"<p>En cumplimiento con lo establecido en la Ley de Servicios de la Sociedad de la Informaci\u00f3n y de Comercio Electr\u00f3nico (LSSI), se informa a los usuarios que acceden al sitio web https:\/\/niche-creator.com, propiedad de Qubic Media, LLC, de las siguientes condiciones legales:<\/p>\n<h3>Datos identificativos del titular del sitio<\/h3>\n<ul>\n<li>Denominaci\u00f3n social: Qubic Media, LLC<\/li>\n<li>N\u00famero de corporaci\u00f3n: 7255428<\/li>\n<li>Domicilio social: 8 The Grn Ste A Dover, DE 19901, Delaware, United States<\/li>\n<li>Correo electr\u00f3nico: <a href=\"mailto:info@qubicmedia.io\" target=\"_new\" rel=\"noopener\">info@qubicmedia.io<\/a><\/li>\n<li>Actividad social: Venta de productos digitales y monetizaci\u00f3n de p\u00e1ginas web y canales de Youtube<\/li>\n<\/ul>\n<h3>Objeto<\/h3>\n<p>El presente aviso legal regula el acceso y uso del sitio web https:\/\/niche-creator.com, propiedad de Qubic Media, LLC. La utilizaci\u00f3n del sitio web por parte del usuario implica la aceptaci\u00f3n plena y sin reservas de todas las condiciones legales recogidas en este aviso legal.<\/p>\n<h3>Condiciones de acceso y uso<\/h3>\n<p>El usuario se compromete a hacer un uso adecuado y l\u00edcito del sitio web y de los contenidos, de conformidad con la legislaci\u00f3n aplicable, el presente aviso legal y las condiciones de uso y privacidad del sitio web.<\/p>\n<h3>Exclusi\u00f3n de responsabilidad<\/h3>\n<p>El titular del sitio web no se hace responsable de los da\u00f1os y perjuicios de cualquier naturaleza que puedan derivarse del acceso o uso de la p\u00e1gina web, incluyendo la posible transmisi\u00f3n de virus o la existencia de alg\u00fan tipo de vulnerabilidad en el sitio web.<\/p>\n<h3>Ley aplicable y jurisdicci\u00f3n<\/h3>\n<p>El presente aviso legal se regir\u00e1 e interpretar\u00e1 de acuerdo con las leyes de Estados Unidos. Para cualquier controversia que pudiera derivarse del acceso o uso de la p\u00e1gina web, ambas partes se someten a los juzgados y tribunales de la ciudad de Delaware, renunciando a cualquier otro fuero que pudiera corresponderles.<\/p>\n<h3>Modificaciones<\/h3>\n<p>El titular del sitio web se reserva el derecho a modificar en cualquier momento y sin necesidad de previo aviso las condiciones legales y pol\u00edticas de privacidad del sitio web.<\/p>\n<p>Para cualquier duda o consulta sobre el presente aviso legal, el usuario puede contactar con Qubic Media, LLC a trav\u00e9s del correo electr\u00f3nico <a href=\"mailto:info@qubicmedia.io\" target=\"_new\" rel=\"noopener\">info@qubicmedia.io<\/a>.<\/p>\n<p>\u00daltima actualizaci\u00f3n: [05\/04\/2023]\n","protected":false},"excerpt":{"rendered":"<p>En cumplimiento con lo establecido en la Ley de Servicios de la&hellip;<\/p>\n","protected":false},"author":1,"featured_media":0,"parent":0,"menu_order":0,"comment_status":"closed","ping_status":"closed","template":"","meta":{"footnotes":""},"class_list":["post-4675","page","type-page","status-publish","hentry"],"yoast_head":"<!-- This site is optimized with the Yoast SEO plugin v27.4 - https:\/\/yoast.com\/product\/yoast-seo-wordpress\/ -->\n<title>Aviso legal &#8212; Niche Creator<\/title>\n<meta name=\"robots\" content=\"index, follow, max-snippet:-1, max-image-preview:large, max-video-preview:-1\" \/>\n<link rel=\"canonical\" href=\"https:\/\/niche-creator.com\/es\/aviso-legal\/\" \/>\n<meta property=\"og:locale\" content=\"es_ES\" \/>\n<meta property=\"og:type\" content=\"article\" \/>\n<meta property=\"og:title\" content=\"Aviso legal &#8212; Niche Creator\" \/>\n<meta property=\"og:description\" content=\"En cumplimiento con lo establecido en la Ley de Servicios de la&hellip;\" \/>\n<meta property=\"og:url\" content=\"https:\/\/niche-creator.com\/es\/aviso-legal\/\" \/>\n<meta property=\"og:site_name\" content=\"Niche Creator\" \/>\n<meta property=\"article:modified_time\" content=\"2025-05-26T11:39:50+00:00\" \/>\n<meta name=\"twitter:card\" content=\"summary_large_image\" \/>\n<meta name=\"twitter:label1\" content=\"Tiempo de lectura\" \/>\n\t<meta name=\"twitter:data1\" content=\"2 minutos\" \/>\n<script type=\"application\/ld+json\" class=\"yoast-schema-graph\">{\"@context\":\"https:\\\/\\\/schema.org\",\"@graph\":[{\"@type\":\"WebPage\",\"@id\":\"https:\\\/\\\/niche-creator.com\\\/es\\\/aviso-legal\\\/\",\"url\":\"https:\\\/\\\/niche-creator.com\\\/es\\\/aviso-legal\\\/\",\"name\":\"Aviso legal &#8212; Niche Creator\",\"isPartOf\":{\"@id\":\"https:\\\/\\\/niche-creator.com\\\/es\\\/#website\"},\"datePublished\":\"2023-04-05T14:56:43+00:00\",\"dateModified\":\"2025-05-26T11:39:50+00:00\",\"breadcrumb\":{\"@id\":\"https:\\\/\\\/niche-creator.com\\\/es\\\/aviso-legal\\\/#breadcrumb\"},\"inLanguage\":\"es\",\"potentialAction\":[{\"@type\":\"ReadAction\",\"target\":[\"https:\\\/\\\/niche-creator.com\\\/es\\\/aviso-legal\\\/\"]}]},{\"@type\":\"BreadcrumbList\",\"@id\":\"https:\\\/\\\/niche-creator.com\\\/es\\\/aviso-legal\\\/#breadcrumb\",\"itemListElement\":[{\"@type\":\"ListItem\",\"position\":1,\"name\":\"Portada\",\"item\":\"https:\\\/\\\/niche-creator.com\\\/es\\\/\"},{\"@type\":\"ListItem\",\"position\":2,\"name\":\"Aviso legal\"}]},{\"@type\":\"WebSite\",\"@id\":\"https:\\\/\\\/niche-creator.com\\\/es\\\/#website\",\"url\":\"https:\\\/\\\/niche-creator.com\\\/es\\\/\",\"name\":\"Niche Creator\",\"description\":\"Scrapea, genera y organiza.\",\"publisher\":{\"@id\":\"https:\\\/\\\/niche-creator.com\\\/es\\\/#organization\"},\"potentialAction\":[{\"@type\":\"SearchAction\",\"target\":{\"@type\":\"EntryPoint\",\"urlTemplate\":\"https:\\\/\\\/niche-creator.com\\\/es\\\/?s={search_term_string}\"},\"query-input\":{\"@type\":\"PropertyValueSpecification\",\"valueRequired\":true,\"valueName\":\"search_term_string\"}}],\"inLanguage\":\"es\"},{\"@type\":\"Organization\",\"@id\":\"https:\\\/\\\/niche-creator.com\\\/es\\\/#organization\",\"name\":\"Niche Creator\",\"url\":\"https:\\\/\\\/niche-creator.com\\\/es\\\/\",\"logo\":{\"@type\":\"ImageObject\",\"inLanguage\":\"es\",\"@id\":\"https:\\\/\\\/niche-creator.com\\\/es\\\/#\\\/schema\\\/logo\\\/image\\\/\",\"url\":\"https:\\\/\\\/niche-creator.com\\\/es\\\/wp-content\\\/uploads\\\/2025\\\/05\\\/logo-niche-creator-2.png\",\"contentUrl\":\"https:\\\/\\\/niche-creator.com\\\/es\\\/wp-content\\\/uploads\\\/2025\\\/05\\\/logo-niche-creator-2.png\",\"width\":689,\"height\":132,\"caption\":\"Niche Creator\"},\"image\":{\"@id\":\"https:\\\/\\\/niche-creator.com\\\/es\\\/#\\\/schema\\\/logo\\\/image\\\/\"}}]}<\/script>\n<!-- \/ Yoast SEO plugin. -->","yoast_head_json":{"title":"Aviso legal &#8212; Niche Creator","robots":{"index":"index","follow":"follow","max-snippet":"max-snippet:-1","max-image-preview":"max-image-preview:large","max-video-preview":"max-video-preview:-1"},"canonical":"https:\/\/niche-creator.com\/es\/aviso-legal\/","og_locale":"es_ES","og_type":"article","og_title":"Aviso legal &#8212; Niche Creator","og_description":"En cumplimiento con lo establecido en la Ley de Servicios de la&hellip;","og_url":"https:\/\/niche-creator.com\/es\/aviso-legal\/","og_site_name":"Niche Creator","article_modified_time":"2025-05-26T11:39:50+00:00","twitter_card":"summary_large_image","twitter_misc":{"Tiempo de lectura":"2 minutos"},"schema":{"@context":"https:\/\/schema.org","@graph":[{"@type":"WebPage","@id":"https:\/\/niche-creator.com\/es\/aviso-legal\/","url":"https:\/\/niche-creator.com\/es\/aviso-legal\/","name":"Aviso legal &#8212; Niche Creator","isPartOf":{"@id":"https:\/\/niche-creator.com\/es\/#website"},"datePublished":"2023-04-05T14:56:43+00:00","dateModified":"2025-05-26T11:39:50+00:00","breadcrumb":{"@id":"https:\/\/niche-creator.com\/es\/aviso-legal\/#breadcrumb"},"inLanguage":"es","potentialAction":[{"@type":"ReadAction","target":["https:\/\/niche-creator.com\/es\/aviso-legal\/"]}]},{"@type":"BreadcrumbList","@id":"https:\/\/niche-creator.com\/es\/aviso-legal\/#breadcrumb","itemListElement":[{"@type":"ListItem","position":1,"name":"Portada","item":"https:\/\/niche-creator.com\/es\/"},{"@type":"ListItem","position":2,"name":"Aviso legal"}]},{"@type":"WebSite","@id":"https:\/\/niche-creator.com\/es\/#website","url":"https:\/\/niche-creator.com\/es\/","name":"Niche Creator","description":"Scrapea, genera y organiza.","publisher":{"@id":"https:\/\/niche-creator.com\/es\/#organization"},"potentialAction":[{"@type":"SearchAction","target":{"@type":"EntryPoint","urlTemplate":"https:\/\/niche-creator.com\/es\/?s={search_term_string}"},"query-input":{"@type":"PropertyValueSpecification","valueRequired":true,"valueName":"search_term_string"}}],"inLanguage":"es"},{"@type":"Organization","@id":"https:\/\/niche-creator.com\/es\/#organization","name":"Niche Creator","url":"https:\/\/niche-creator.com\/es\/","logo":{"@type":"ImageObject","inLanguage":"es","@id":"https:\/\/niche-creator.com\/es\/#\/schema\/logo\/image\/","url":"https:\/\/niche-creator.com\/es\/wp-content\/uploads\/2025\/05\/logo-niche-creator-2.png","contentUrl":"https:\/\/niche-creator.com\/es\/wp-content\/uploads\/2025\/05\/logo-niche-creator-2.png","width":689,"height":132,"caption":"Niche Creator"},"image":{"@id":"https:\/\/niche-creator.com\/es\/#\/schema\/logo\/image\/"}}]}},"_links":{"self":[{"href":"https:\/\/niche-creator.com\/es\/wp-json\/wp\/v2\/pages\/4675","targetHints":{"allow":["GET"]}}],"collection":[{"href":"https:\/\/niche-creator.com\/es\/wp-json\/wp\/v2\/pages"}],"about":[{"href":"https:\/\/niche-creator.com\/es\/wp-json\/wp\/v2\/types\/page"}],"author":[{"embeddable":true,"href":"https:\/\/niche-creator.com\/es\/wp-json\/wp\/v2\/users\/1"}],"replies":[{"embeddable":true,"href":"https:\/\/niche-creator.com\/es\/wp-json\/wp\/v2\/comments?post=4675"}],"version-history":[{"count":6,"href":"https:\/\/niche-creator.com\/es\/wp-json\/wp\/v2\/pages\/4675\/revisions"}],"predecessor-version":[{"id":8788,"href":"https:\/\/niche-creator.com\/es\/wp-json\/wp\/v2\/pages\/4675\/revisions\/8788"}],"wp:attachment":[{"href":"https:\/\/niche-creator.com\/es\/wp-json\/wp\/v2\/media?parent=4675"}],"curies":[{"name":"wp","href":"https:\/\/api.w.org\/{rel}","templated":true}]}}